{"id":45,"date":"2025-10-04T11:50:41","date_gmt":"2025-10-04T09:50:41","guid":{"rendered":"https:\/\/www.birresdorf.de\/wordpress-neu\/wordpress\/?page_id=45"},"modified":"2025-11-16T08:49:44","modified_gmt":"2025-11-16T07:49:44","slug":"birresdorfer-sportclub-e-v","status":"publish","type":"page","link":"https:\/\/www.birresdorf.de\/blog\/birresdorfer-sportclub-e-v\/","title":{"rendered":"Birresdorfer Sportclub e.V."},"content":{"rendered":"\n<p>Der Birresdorfer Sportclub (BSC) bietet verschiedene Sportangebote an. Es gibt eine gro\u00dfe Fu\u00dfballabteilung, bei der in der Grafschafter Spielgemeinschaft (GSG) Jugend-, Damen- und Herrenfu\u00dfball gespielt werden kann. Au\u00dferdem spielen die &#8222;Alten Herren&#8220; ebenfalls in einer Spielgemeinschaft.<\/p>\n\n\n\n<p>Weitere Sportangebote umfassen Nordic Walking, Yoga, Gymnastik, Boogie-Woogie, Pilates oder Seniorensport.<\/p>\n\n\n\n<p>Weitere Infos und Kontakt: <a href=\"https:\/\/www.birresdorfer-sportclub.de\/\" target=\"_blank\" rel=\"noreferrer noopener\">www.birresdorfer-sportclub.de<\/a><\/p>\n","protected":false},"excerpt":{"rendered":"<p>Der Birresdorfer Sportclub (BSC) bietet verschiedene Sportangebote an. Es gibt eine gro\u00dfe Fu\u00dfballabteilung, bei der in der Grafschafter Spielgemeinschaft (GSG) Jugend-, Damen- und Herrenfu\u00dfball gespielt werden kann. Au\u00dferdem spielen die [&hellip;]<\/p>\n","protected":false},"author":1,"featured_media":0,"parent":0,"menu_order":0,"comment_status":"closed","ping_status":"closed","template":"","meta":{"_EventAllDay":false,"_EventTimezone":"","_EventStartDate":"","_EventEndDate":"","_EventStartDateUTC":"","_EventEndDateUTC":"","_EventShowMap":false,"_EventShowMapLink":false,"_EventURL":"","_EventCost":"","_EventCostDescription":"","_EventCurrencySymbol":"","_EventCurrencyCode":"","_EventCurrencyPosition":"","_EventDateTimeSeparator":"","_EventTimeRangeSeparator":"","_EventOrganizerID":[],"_EventVenueID":[],"_OrganizerEmail":"","_OrganizerPhone":"","_OrganizerWebsite":"","_VenueAddress":"","_VenueCity":"","_VenueCountry":"","_VenueProvince":"","_VenueState":"","_VenueZip":"","_VenuePhone":"","_VenueURL":"","_VenueStateProvince":"","_VenueLat":"","_VenueLng":"","_VenueShowMap":false,"_VenueShowMapLink":false,"footnotes":""},"class_list":["post-45","page","type-page","status-publish","hentry"],"_links":{"self":[{"href":"https:\/\/www.birresdorf.de\/blog\/wp-json\/wp\/v2\/pages\/45","targetHints":{"allow":["GET"]}}],"collection":[{"href":"https:\/\/www.birresdorf.de\/blog\/wp-json\/wp\/v2\/pages"}],"about":[{"href":"https:\/\/www.birresdorf.de\/blog\/wp-json\/wp\/v2\/types\/page"}],"author":[{"embeddable":true,"href":"https:\/\/www.birresdorf.de\/blog\/wp-json\/wp\/v2\/users\/1"}],"replies":[{"embeddable":true,"href":"https:\/\/www.birresdorf.de\/blog\/wp-json\/wp\/v2\/comments?post=45"}],"version-history":[{"count":2,"href":"https:\/\/www.birresdorf.de\/blog\/wp-json\/wp\/v2\/pages\/45\/revisions"}],"predecessor-version":[{"id":87,"href":"https:\/\/www.birresdorf.de\/blog\/wp-json\/wp\/v2\/pages\/45\/revisions\/87"}],"wp:attachment":[{"href":"https:\/\/www.birresdorf.de\/blog\/wp-json\/wp\/v2\/media?parent=45"}],"curies":[{"name":"wp","href":"https:\/\/api.w.org\/{rel}","templated":true}]}}