{"id":41,"date":"2025-10-04T11:41:39","date_gmt":"2025-10-04T09:41:39","guid":{"rendered":"https:\/\/www.birresdorf.de\/wordpress-neu\/wordpress\/?page_id=41"},"modified":"2026-01-08T18:42:34","modified_gmt":"2026-01-08T17:42:34","slug":"fidele-moehnen-birresdorf-e-v","status":"publish","type":"page","link":"https:\/\/www.birresdorf.de\/blog\/fidele-moehnen-birresdorf-e-v\/","title":{"rendered":"Fidele M\u00f6hnen Birresdorf e.V."},"content":{"rendered":"\n<p>Herzlich Willkommen auf der Internetseite der Fidelen M\u00f6hnen Birresdorf!<\/p>\n\n\n\n<p>Die Fidelen M\u00f6hnen Birresdorf e.V. sind eine aktive Gemeinschaft, die das Brauchtum des rheinischen Karnevals in der Gemeinde Grafschaft und besonders im Ortsteil Birresdorf pflegen.<\/p>\n\n\n\n<p>Die Kinder- und Jugendarbeit mit unseren Tanzgruppen liegt uns dabei besonders am Herzen. Aber auch die Eingliederung der &#8222;neuen&#8220; Birresdorfer, ob jung oder alt, ist uns sehr wichtig. Dazu tr\u00e4gt unser j\u00e4hrlicher K\u00f6ttzug, der Kinderkarneval, der Weiberdonnerstag und auch der Karnevalsamstag bei.<\/p>\n\n\n\n<p>Falls Sie unser Engagement und unsere Pflege des Brauchtums und speziell die Weiberfastnacht unterst\u00fctzen m\u00f6chten, dann nehmen Sie doch Kontakt mit uns auf.<\/p>\n\n\n\n<figure class=\"wp-block-image size-large\"><img loading=\"lazy\" decoding=\"async\" width=\"1024\" height=\"683\" src=\"https:\/\/www.birresdorf.de\/blog\/wp-content\/uploads\/2026\/01\/Moehnenfoto-1024x683.jpg\" alt=\"\" class=\"wp-image-134\" srcset=\"https:\/\/www.birresdorf.de\/blog\/wp-content\/uploads\/2026\/01\/Moehnenfoto-1024x683.jpg 1024w, https:\/\/www.birresdorf.de\/blog\/wp-content\/uploads\/2026\/01\/Moehnenfoto-300x200.jpg 300w, https:\/\/www.birresdorf.de\/blog\/wp-content\/uploads\/2026\/01\/Moehnenfoto-768x512.jpg 768w, https:\/\/www.birresdorf.de\/blog\/wp-content\/uploads\/2026\/01\/Moehnenfoto-1536x1024.jpg 1536w, https:\/\/www.birresdorf.de\/blog\/wp-content\/uploads\/2026\/01\/Moehnenfoto-2048x1365.jpg 2048w\" sizes=\"auto, (max-width: 1024px) 100vw, 1024px\" \/><\/figure>\n\n\n\n<h2 class=\"wp-block-heading\">Kontakt<\/h2>\n\n\n\n<p>Oberm\u00f6hn Svenja Riedl<br>Telefon: 0151-68405711<\/p>\n\n\n\n<p>Vizem\u00f6hn Sarina Mierau<br>Telefon: 0175-8791307<\/p>\n\n\n\n<p>Schriftf\u00fchrerin Gertrud Ziegenhals<br>Telefon: 0178-4814711<\/p>\n\n\n\n<p>E-Mail: <a href=\"mailto:fidele.moehnen.birresdorf@gmail.com\">fidele.moehnen.birresdorf@gmail.com<\/a><\/p>\n\n\n\n<h2 class=\"wp-block-heading\">Unser Vorstand<\/h2>\n\n\n\n<ul class=\"wp-block-list\">\n<li>Oberm\u00f6hn Svenja Riedl<\/li>\n\n\n\n<li>Vizem\u00f6hn Sarina Mierau<\/li>\n\n\n\n<li>Kassiererin Anna Baumgarten<\/li>\n\n\n\n<li>Stellvertreterin Kassiererin Kate Friese<\/li>\n\n\n\n<li>Schriftf\u00fchrerin Gertrud Ziegenhals<\/li>\n\n\n\n<li>Stellvertretende Schriftf\u00fchrerin Linda Nolden<\/li>\n\n\n\n<li>Jugendwartin Chiara Thinius<\/li>\n<\/ul>\n\n\n\n<p>Wir treffen uns jeden ersten Dienstag im Monat im Dorfgemeinschaftshof um 20.00 Uhr.<\/p>\n","protected":false},"excerpt":{"rendered":"<p>Herzlich Willkommen auf der Internetseite der Fidelen M\u00f6hnen Birresdorf! Die Fidelen M\u00f6hnen Birresdorf e.V. sind eine aktive Gemeinschaft, die das Brauchtum des rheinischen Karnevals in der Gemeinde Grafschaft und besonders [&hellip;]<\/p>\n","protected":false},"author":1,"featured_media":0,"parent":0,"menu_order":0,"comment_status":"closed","ping_status":"closed","template":"","meta":{"_EventAllDay":false,"_EventTimezone":"","_EventStartDate":"","_EventEndDate":"","_EventStartDateUTC":"","_EventEndDateUTC":"","_EventShowMap":false,"_EventShowMapLink":false,"_EventURL":"","_EventCost":"","_EventCostDescription":"","_EventCurrencySymbol":"","_EventCurrencyCode":"","_EventCurrencyPosition":"","_EventDateTimeSeparator":"","_EventTimeRangeSeparator":"","_EventOrganizerID":[],"_EventVenueID":[],"_OrganizerEmail":"","_OrganizerPhone":"","_OrganizerWebsite":"","_VenueAddress":"","_VenueCity":"","_VenueCountry":"","_VenueProvince":"","_VenueState":"","_VenueZip":"","_VenuePhone":"","_VenueURL":"","_VenueStateProvince":"","_VenueLat":"","_VenueLng":"","_VenueShowMap":false,"_VenueShowMapLink":false,"footnotes":""},"class_list":["post-41","page","type-page","status-publish","hentry"],"_links":{"self":[{"href":"https:\/\/www.birresdorf.de\/blog\/wp-json\/wp\/v2\/pages\/41","targetHints":{"allow":["GET"]}}],"collection":[{"href":"https:\/\/www.birresdorf.de\/blog\/wp-json\/wp\/v2\/pages"}],"about":[{"href":"https:\/\/www.birresdorf.de\/blog\/wp-json\/wp\/v2\/types\/page"}],"author":[{"embeddable":true,"href":"https:\/\/www.birresdorf.de\/blog\/wp-json\/wp\/v2\/users\/1"}],"replies":[{"embeddable":true,"href":"https:\/\/www.birresdorf.de\/blog\/wp-json\/wp\/v2\/comments?post=41"}],"version-history":[{"count":3,"href":"https:\/\/www.birresdorf.de\/blog\/wp-json\/wp\/v2\/pages\/41\/revisions"}],"predecessor-version":[{"id":136,"href":"https:\/\/www.birresdorf.de\/blog\/wp-json\/wp\/v2\/pages\/41\/revisions\/136"}],"wp:attachment":[{"href":"https:\/\/www.birresdorf.de\/blog\/wp-json\/wp\/v2\/media?parent=41"}],"curies":[{"name":"wp","href":"https:\/\/api.w.org\/{rel}","templated":true}]}}