{"id":37,"date":"2025-10-04T11:37:15","date_gmt":"2025-10-04T09:37:15","guid":{"rendered":"https:\/\/www.birresdorf.de\/wordpress-neu\/wordpress\/?page_id=37"},"modified":"2026-04-03T20:37:42","modified_gmt":"2026-04-03T18:37:42","slug":"traegergemeinschaft-dorfgemeinschaftshof-birresdorf-2006-e-v","status":"publish","type":"page","link":"https:\/\/www.birresdorf.de\/blog\/traegergemeinschaft-dorfgemeinschaftshof-birresdorf-2006-e-v\/","title":{"rendered":"Tr\u00e4gergemeinschaft Dorfgemeinschaftshof Birresdorf 2006 e. V."},"content":{"rendered":"\n<figure class=\"wp-block-image alignright size-medium\"><img loading=\"lazy\" decoding=\"async\" width=\"300\" height=\"218\" src=\"https:\/\/www.birresdorf.de\/blog\/wp-content\/uploads\/2026\/01\/Logo-Traegergemeinschaft-DGH-300x218.jpg\" alt=\"\" class=\"wp-image-154\" srcset=\"https:\/\/www.birresdorf.de\/blog\/wp-content\/uploads\/2026\/01\/Logo-Traegergemeinschaft-DGH-300x218.jpg 300w, https:\/\/www.birresdorf.de\/blog\/wp-content\/uploads\/2026\/01\/Logo-Traegergemeinschaft-DGH-1024x743.jpg 1024w, https:\/\/www.birresdorf.de\/blog\/wp-content\/uploads\/2026\/01\/Logo-Traegergemeinschaft-DGH-768x557.jpg 768w, https:\/\/www.birresdorf.de\/blog\/wp-content\/uploads\/2026\/01\/Logo-Traegergemeinschaft-DGH.jpg 1108w\" sizes=\"auto, (max-width: 300px) 100vw, 300px\" \/><\/figure>\n\n\n\n<p>Die Tr\u00e4gergemeinschaft pflegt und unterh\u00e4lt das zentrale Veranstaltungsgeb\u00e4ude in Birresdorf, damit es durch die Dorfvereine und auch einzelne B\u00fcrger gut genutzt werden kann. Sie veranstaltet die gem\u00fctliche St. Martin-Feier und ein Sommerfest.<\/p>\n\n\n\n<h2 class=\"wp-block-heading\">Vorstand<\/h2>\n\n\n\n<ul class=\"wp-block-list\">\n<li>Vorsitzender: Uwe Geldmacher<\/li>\n\n\n\n<li>Stellv. Vorsitzender: Uwe Igelmund<\/li>\n\n\n\n<li>Kassiererin: Mona Vormann<\/li>\n\n\n\n<li>Stellv. Kassierer: Rainer Schwingel<\/li>\n\n\n\n<li>Schriftf\u00fchrer: Markus Homann<\/li>\n\n\n\n<li>Stellv. Schriftf\u00fchrer: Patrick Molenveld<\/li>\n\n\n\n<li>Beisitzer: Sri Rathnasigam<\/li>\n\n\n\n<li>Beisitzer f\u00fcr den BSC: Gerd Harzem<\/li>\n<\/ul>\n\n\n\n<h2 class=\"wp-block-heading\">Kontakt<\/h2>\n\n\n\n<p>Uwe Geldmacher<\/p>\n\n\n\n<ul class=\"wp-block-list\">\n<li>Mail: <a href=\"mailto:1.Vorsitzender@dgh-birresdorf.de\">1.Vorsitzender@dgh-birresdorf.de<\/a><\/li>\n<\/ul>\n\n\n\n<div class=\"wp-block-group is-style-section-3 has-global-padding is-layout-constrained wp-container-core-group-is-layout-c385debf wp-block-group-is-layout-constrained is-style-section-3--2\" style=\"padding-top:var(--wp--preset--spacing--20);padding-right:var(--wp--preset--spacing--20);padding-bottom:var(--wp--preset--spacing--20);padding-left:var(--wp--preset--spacing--20)\">\n<h2 class=\"wp-block-heading is-style-text-subtitle is-style-text-subtitle--3\">Navigation Tr\u00e4gergemeinschaft<\/h2>\n\n\n<nav class=\"items-justified-left is-vertical wp-block-navigation is-content-justification-left is-layout-flex wp-container-core-navigation-is-layout-dd225191 wp-block-navigation-is-layout-flex\" aria-label=\"TDGH Men\u00fc\"><ul class=\"wp-block-navigation__container items-justified-left is-vertical wp-block-navigation\"><li class=\" wp-block-navigation-item wp-block-navigation-link\"><a class=\"wp-block-navigation-item__content\"  href=\"https:\/\/www.birresdorf.de\/blog\/traegergemeinschaft-dorfgemeinschaftshof-birresdorf-2006-e-v\/\"><span class=\"wp-block-navigation-item__label\">Tr\u00e4gergemeinschaft Dorfgemeinschaftshof Birresdorf 2006 e. V.<\/span><\/a><\/li><li class=\" wp-block-navigation-item wp-block-navigation-link\"><a class=\"wp-block-navigation-item__content\"  href=\"https:\/\/www.birresdorf.de\/blog\/traegergemeinschaft-dorfgemeinschaftshof-birresdorf-2006-e-v\/belegungsplan-dgh\/\"><span class=\"wp-block-navigation-item__label\">Belegung und private Vermietung DGH<\/span><\/a><\/li><li class=\" wp-block-navigation-item wp-block-navigation-link\"><a class=\"wp-block-navigation-item__content\"  href=\"https:\/\/www.birresdorf.de\/blog\/traegergemeinschaft-dorfgemeinschaftshof-birresdorf-2006-e-v\/dorfgemeinschaftshof-birresdorf\/\"><span class=\"wp-block-navigation-item__label\">Dorfgemeinschaftshof Birresdorf<\/span><\/a><\/li><\/ul><\/nav><\/div>\n","protected":false},"excerpt":{"rendered":"<p>Die Tr\u00e4gergemeinschaft pflegt und unterh\u00e4lt das zentrale Veranstaltungsgeb\u00e4ude in Birresdorf, damit es durch die Dorfvereine und auch einzelne B\u00fcrger gut genutzt werden kann. Sie veranstaltet die gem\u00fctliche St. Martin-Feier und [&hellip;]<\/p>\n","protected":false},"author":1,"featured_media":0,"parent":0,"menu_order":0,"comment_status":"closed","ping_status":"closed","template":"","meta":{"_EventAllDay":false,"_EventTimezone":"","_EventStartDate":"","_EventEndDate":"","_EventStartDateUTC":"","_EventEndDateUTC":"","_EventShowMap":false,"_EventShowMapLink":false,"_EventURL":"","_EventCost":"","_EventCostDescription":"","_EventCurrencySymbol":"","_EventCurrencyCode":"","_EventCurrencyPosition":"","_EventDateTimeSeparator":"","_EventTimeRangeSeparator":"","_EventOrganizerID":[],"_EventVenueID":[],"_OrganizerEmail":"","_OrganizerPhone":"","_OrganizerWebsite":"","_VenueAddress":"","_VenueCity":"","_VenueCountry":"","_VenueProvince":"","_VenueState":"","_VenueZip":"","_VenuePhone":"","_VenueURL":"","_VenueStateProvince":"","_VenueLat":"","_VenueLng":"","_VenueShowMap":false,"_VenueShowMapLink":false,"footnotes":""},"class_list":["post-37","page","type-page","status-publish","hentry"],"_links":{"self":[{"href":"https:\/\/www.birresdorf.de\/blog\/wp-json\/wp\/v2\/pages\/37","targetHints":{"allow":["GET"]}}],"collection":[{"href":"https:\/\/www.birresdorf.de\/blog\/wp-json\/wp\/v2\/pages"}],"about":[{"href":"https:\/\/www.birresdorf.de\/blog\/wp-json\/wp\/v2\/types\/page"}],"author":[{"embeddable":true,"href":"https:\/\/www.birresdorf.de\/blog\/wp-json\/wp\/v2\/users\/1"}],"replies":[{"embeddable":true,"href":"https:\/\/www.birresdorf.de\/blog\/wp-json\/wp\/v2\/comments?post=37"}],"version-history":[{"count":11,"href":"https:\/\/www.birresdorf.de\/blog\/wp-json\/wp\/v2\/pages\/37\/revisions"}],"predecessor-version":[{"id":252,"href":"https:\/\/www.birresdorf.de\/blog\/wp-json\/wp\/v2\/pages\/37\/revisions\/252"}],"wp:attachment":[{"href":"https:\/\/www.birresdorf.de\/blog\/wp-json\/wp\/v2\/media?parent=37"}],"curies":[{"name":"wp","href":"https:\/\/api.w.org\/{rel}","templated":true}]}}