{"id":235,"date":"2026-04-03T20:10:12","date_gmt":"2026-04-03T18:10:12","guid":{"rendered":"https:\/\/www.birresdorf.de\/blog\/?page_id=235"},"modified":"2026-04-12T14:49:21","modified_gmt":"2026-04-12T12:49:21","slug":"dorfgemeinschaftshof-birresdorf","status":"publish","type":"page","link":"https:\/\/www.birresdorf.de\/blog\/traegergemeinschaft-dorfgemeinschaftshof-birresdorf-2006-e-v\/dorfgemeinschaftshof-birresdorf\/","title":{"rendered":"Dorfgemeinschaftshof Birresdorf"},"content":{"rendered":"\n<p>Der <strong>Dorfgemeinschaftshof Birresdorf<\/strong> (DGH) verf\u00fcgt \u00fcber einen gro\u00dfen Saal f\u00fcr maximal 199 G\u00e4ste. Der Saal hat eine Theke mit Zapfanlage, einen Beamer mit Leinwand und eine Soundanlage. Gl\u00e4ser, Geschirr und Besteck liegen parat. Angeschlossen ist eine K\u00fcche mit zwei gro\u00dfen, fahrbaren K\u00fchlschr\u00e4nken und einer Industrie-Sp\u00fclmaschine. Im Nebenraum lagern 30 Tische, die vielf\u00e4ltige Bestuhlungsm\u00f6glichkeiten bieten.<\/p>\n\n\n\n<p>Im Obergescho\u00df des DGH befinden sich der Tagungsraum und der gro\u00dfe Raum.<\/p>\n\n\n\n<h2 class=\"wp-block-heading\">Saal und Bestuhlungsbeispiele<\/h2>\n\n\n\n<figure class=\"wp-block-gallery has-nested-images columns-2 is-cropped wp-block-gallery-2 is-layout-flex wp-block-gallery-is-layout-flex\">\n<figure class=\"wp-block-image size-large\"><a href=\"https:\/\/www.birresdorf.de\/blog\/wp-content\/uploads\/2026\/04\/DGH-Saal1.jpg\"><img loading=\"lazy\" decoding=\"async\" width=\"826\" height=\"621\" data-id=\"236\" src=\"https:\/\/www.birresdorf.de\/blog\/wp-content\/uploads\/2026\/04\/DGH-Saal1.jpg\" alt=\"\" class=\"wp-image-236\" srcset=\"https:\/\/www.birresdorf.de\/blog\/wp-content\/uploads\/2026\/04\/DGH-Saal1.jpg 826w, https:\/\/www.birresdorf.de\/blog\/wp-content\/uploads\/2026\/04\/DGH-Saal1-300x226.jpg 300w, https:\/\/www.birresdorf.de\/blog\/wp-content\/uploads\/2026\/04\/DGH-Saal1-768x577.jpg 768w\" sizes=\"auto, (max-width: 826px) 100vw, 826px\" \/><\/a><\/figure>\n\n\n\n<figure class=\"wp-block-image size-large\"><a href=\"https:\/\/www.birresdorf.de\/blog\/wp-content\/uploads\/2026\/04\/DGH-Saal2.jpg\"><img loading=\"lazy\" decoding=\"async\" width=\"824\" height=\"612\" data-id=\"237\" src=\"https:\/\/www.birresdorf.de\/blog\/wp-content\/uploads\/2026\/04\/DGH-Saal2.jpg\" alt=\"\" class=\"wp-image-237\" srcset=\"https:\/\/www.birresdorf.de\/blog\/wp-content\/uploads\/2026\/04\/DGH-Saal2.jpg 824w, https:\/\/www.birresdorf.de\/blog\/wp-content\/uploads\/2026\/04\/DGH-Saal2-300x223.jpg 300w, https:\/\/www.birresdorf.de\/blog\/wp-content\/uploads\/2026\/04\/DGH-Saal2-768x570.jpg 768w\" sizes=\"auto, (max-width: 824px) 100vw, 824px\" \/><\/a><\/figure>\n\n\n\n<figure class=\"wp-block-image size-large\"><a href=\"https:\/\/www.birresdorf.de\/blog\/wp-content\/uploads\/2026\/04\/DGH-Saal3.jpg\"><img loading=\"lazy\" decoding=\"async\" width=\"763\" height=\"1024\" data-id=\"238\" src=\"https:\/\/www.birresdorf.de\/blog\/wp-content\/uploads\/2026\/04\/DGH-Saal3-763x1024.jpg\" alt=\"\" class=\"wp-image-238\" srcset=\"https:\/\/www.birresdorf.de\/blog\/wp-content\/uploads\/2026\/04\/DGH-Saal3-763x1024.jpg 763w, https:\/\/www.birresdorf.de\/blog\/wp-content\/uploads\/2026\/04\/DGH-Saal3-224x300.jpg 224w, https:\/\/www.birresdorf.de\/blog\/wp-content\/uploads\/2026\/04\/DGH-Saal3-768x1031.jpg 768w, https:\/\/www.birresdorf.de\/blog\/wp-content\/uploads\/2026\/04\/DGH-Saal3.jpg 824w\" sizes=\"auto, (max-width: 763px) 100vw, 763px\" \/><\/a><\/figure>\n\n\n\n<figure class=\"wp-block-image size-large\"><a href=\"https:\/\/www.birresdorf.de\/blog\/wp-content\/uploads\/2026\/04\/DGH-Saal4.jpg\"><img loading=\"lazy\" decoding=\"async\" width=\"770\" height=\"1024\" data-id=\"239\" src=\"https:\/\/www.birresdorf.de\/blog\/wp-content\/uploads\/2026\/04\/DGH-Saal4-770x1024.jpg\" alt=\"\" class=\"wp-image-239\" srcset=\"https:\/\/www.birresdorf.de\/blog\/wp-content\/uploads\/2026\/04\/DGH-Saal4-770x1024.jpg 770w, https:\/\/www.birresdorf.de\/blog\/wp-content\/uploads\/2026\/04\/DGH-Saal4-226x300.jpg 226w, https:\/\/www.birresdorf.de\/blog\/wp-content\/uploads\/2026\/04\/DGH-Saal4-768x1021.jpg 768w, https:\/\/www.birresdorf.de\/blog\/wp-content\/uploads\/2026\/04\/DGH-Saal4.jpg 826w\" sizes=\"auto, (max-width: 770px) 100vw, 770px\" \/><\/a><\/figure>\n\n\n\n<figure class=\"wp-block-image size-large\"><a href=\"https:\/\/www.birresdorf.de\/blog\/wp-content\/uploads\/2026\/04\/DGH-Saal5.jpg\"><img loading=\"lazy\" decoding=\"async\" width=\"768\" height=\"1024\" data-id=\"241\" src=\"https:\/\/www.birresdorf.de\/blog\/wp-content\/uploads\/2026\/04\/DGH-Saal5-768x1024.jpg\" alt=\"\" class=\"wp-image-241\" srcset=\"https:\/\/www.birresdorf.de\/blog\/wp-content\/uploads\/2026\/04\/DGH-Saal5-768x1024.jpg 768w, https:\/\/www.birresdorf.de\/blog\/wp-content\/uploads\/2026\/04\/DGH-Saal5-225x300.jpg 225w, https:\/\/www.birresdorf.de\/blog\/wp-content\/uploads\/2026\/04\/DGH-Saal5-1152x1536.jpg 1152w, https:\/\/www.birresdorf.de\/blog\/wp-content\/uploads\/2026\/04\/DGH-Saal5.jpg 1536w\" sizes=\"auto, (max-width: 768px) 100vw, 768px\" \/><\/a><\/figure>\n\n\n\n<figure class=\"wp-block-image size-large\"><a href=\"https:\/\/www.birresdorf.de\/blog\/wp-content\/uploads\/2026\/04\/DGH-Saal6.jpg\"><img loading=\"lazy\" decoding=\"async\" width=\"1024\" height=\"576\" data-id=\"240\" src=\"https:\/\/www.birresdorf.de\/blog\/wp-content\/uploads\/2026\/04\/DGH-Saal6-1024x576.jpg\" alt=\"\" class=\"wp-image-240\" srcset=\"https:\/\/www.birresdorf.de\/blog\/wp-content\/uploads\/2026\/04\/DGH-Saal6-1024x576.jpg 1024w, https:\/\/www.birresdorf.de\/blog\/wp-content\/uploads\/2026\/04\/DGH-Saal6-300x169.jpg 300w, https:\/\/www.birresdorf.de\/blog\/wp-content\/uploads\/2026\/04\/DGH-Saal6-768x432.jpg 768w, https:\/\/www.birresdorf.de\/blog\/wp-content\/uploads\/2026\/04\/DGH-Saal6.jpg 1066w\" sizes=\"auto, (max-width: 1024px) 100vw, 1024px\" \/><\/a><\/figure>\n\n\n\n<figure class=\"wp-block-image size-large\"><a href=\"https:\/\/www.birresdorf.de\/blog\/wp-content\/uploads\/2026\/04\/DGH-Saal7-scaled.jpg\"><img loading=\"lazy\" decoding=\"async\" width=\"1024\" height=\"576\" data-id=\"254\" src=\"https:\/\/www.birresdorf.de\/blog\/wp-content\/uploads\/2026\/04\/DGH-Saal7-1024x576.jpg\" alt=\"\" class=\"wp-image-254\" srcset=\"https:\/\/www.birresdorf.de\/blog\/wp-content\/uploads\/2026\/04\/DGH-Saal7-1024x576.jpg 1024w, https:\/\/www.birresdorf.de\/blog\/wp-content\/uploads\/2026\/04\/DGH-Saal7-300x169.jpg 300w, https:\/\/www.birresdorf.de\/blog\/wp-content\/uploads\/2026\/04\/DGH-Saal7-768x432.jpg 768w, https:\/\/www.birresdorf.de\/blog\/wp-content\/uploads\/2026\/04\/DGH-Saal7-1536x864.jpg 1536w, https:\/\/www.birresdorf.de\/blog\/wp-content\/uploads\/2026\/04\/DGH-Saal7-2048x1152.jpg 2048w\" sizes=\"auto, (max-width: 1024px) 100vw, 1024px\" \/><\/a><\/figure>\n\n\n\n<figure class=\"wp-block-image size-large\"><a href=\"https:\/\/www.birresdorf.de\/blog\/wp-content\/uploads\/2026\/04\/DGH-Saal8-scaled.jpg\"><img loading=\"lazy\" decoding=\"async\" width=\"1024\" height=\"680\" data-id=\"257\" src=\"https:\/\/www.birresdorf.de\/blog\/wp-content\/uploads\/2026\/04\/DGH-Saal8-1024x680.jpg\" alt=\"\" class=\"wp-image-257\" srcset=\"https:\/\/www.birresdorf.de\/blog\/wp-content\/uploads\/2026\/04\/DGH-Saal8-1024x680.jpg 1024w, https:\/\/www.birresdorf.de\/blog\/wp-content\/uploads\/2026\/04\/DGH-Saal8-300x199.jpg 300w, https:\/\/www.birresdorf.de\/blog\/wp-content\/uploads\/2026\/04\/DGH-Saal8-768x510.jpg 768w, https:\/\/www.birresdorf.de\/blog\/wp-content\/uploads\/2026\/04\/DGH-Saal8-1536x1020.jpg 1536w, https:\/\/www.birresdorf.de\/blog\/wp-content\/uploads\/2026\/04\/DGH-Saal8-2048x1360.jpg 2048w\" sizes=\"auto, (max-width: 1024px) 100vw, 1024px\" \/><\/a><\/figure>\n\n\n\n<figure class=\"wp-block-image size-large\"><a href=\"https:\/\/www.birresdorf.de\/blog\/wp-content\/uploads\/2026\/04\/DGH-Saal9-scaled.jpg\"><img loading=\"lazy\" decoding=\"async\" width=\"768\" height=\"1024\" data-id=\"255\" src=\"https:\/\/www.birresdorf.de\/blog\/wp-content\/uploads\/2026\/04\/DGH-Saal9-768x1024.jpg\" alt=\"\" class=\"wp-image-255\" srcset=\"https:\/\/www.birresdorf.de\/blog\/wp-content\/uploads\/2026\/04\/DGH-Saal9-768x1024.jpg 768w, https:\/\/www.birresdorf.de\/blog\/wp-content\/uploads\/2026\/04\/DGH-Saal9-225x300.jpg 225w, https:\/\/www.birresdorf.de\/blog\/wp-content\/uploads\/2026\/04\/DGH-Saal9-1152x1536.jpg 1152w, https:\/\/www.birresdorf.de\/blog\/wp-content\/uploads\/2026\/04\/DGH-Saal9-1536x2048.jpg 1536w, https:\/\/www.birresdorf.de\/blog\/wp-content\/uploads\/2026\/04\/DGH-Saal9-scaled.jpg 1920w\" sizes=\"auto, (max-width: 768px) 100vw, 768px\" \/><\/a><\/figure>\n\n\n\n<figure class=\"wp-block-image size-large\"><a href=\"https:\/\/www.birresdorf.de\/blog\/wp-content\/uploads\/2026\/04\/DGH-Saal10-scaled.jpg\"><img loading=\"lazy\" decoding=\"async\" width=\"768\" height=\"1024\" data-id=\"256\" src=\"https:\/\/www.birresdorf.de\/blog\/wp-content\/uploads\/2026\/04\/DGH-Saal10-768x1024.jpg\" alt=\"\" class=\"wp-image-256\" srcset=\"https:\/\/www.birresdorf.de\/blog\/wp-content\/uploads\/2026\/04\/DGH-Saal10-768x1024.jpg 768w, https:\/\/www.birresdorf.de\/blog\/wp-content\/uploads\/2026\/04\/DGH-Saal10-225x300.jpg 225w, https:\/\/www.birresdorf.de\/blog\/wp-content\/uploads\/2026\/04\/DGH-Saal10-1152x1536.jpg 1152w, https:\/\/www.birresdorf.de\/blog\/wp-content\/uploads\/2026\/04\/DGH-Saal10-1536x2048.jpg 1536w, https:\/\/www.birresdorf.de\/blog\/wp-content\/uploads\/2026\/04\/DGH-Saal10-scaled.jpg 1920w\" sizes=\"auto, (max-width: 768px) 100vw, 768px\" \/><\/a><\/figure>\n<\/figure>\n\n\n\n<div class=\"wp-block-group is-style-section-3 has-global-padding is-layout-constrained wp-container-core-group-is-layout-c385debf wp-block-group-is-layout-constrained is-style-section-3--3\" style=\"padding-top:var(--wp--preset--spacing--20);padding-right:var(--wp--preset--spacing--20);padding-bottom:var(--wp--preset--spacing--20);padding-left:var(--wp--preset--spacing--20)\">\n<h2 class=\"wp-block-heading is-style-text-subtitle is-style-text-subtitle--4\">Navigation Tr\u00e4gergemeinschaft<\/h2>\n\n\n<nav class=\"items-justified-left is-vertical wp-block-navigation is-content-justification-left is-layout-flex wp-container-core-navigation-is-layout-dd225191 wp-block-navigation-is-layout-flex\" aria-label=\"TDGH Men\u00fc\"><ul class=\"wp-block-navigation__container items-justified-left is-vertical wp-block-navigation\"><li class=\" wp-block-navigation-item wp-block-navigation-link\"><a class=\"wp-block-navigation-item__content\"  href=\"https:\/\/www.birresdorf.de\/blog\/traegergemeinschaft-dorfgemeinschaftshof-birresdorf-2006-e-v\/\"><span class=\"wp-block-navigation-item__label\">Tr\u00e4gergemeinschaft Dorfgemeinschaftshof Birresdorf 2006 e. V.<\/span><\/a><\/li><li class=\" wp-block-navigation-item wp-block-navigation-link\"><a class=\"wp-block-navigation-item__content\"  href=\"https:\/\/www.birresdorf.de\/blog\/traegergemeinschaft-dorfgemeinschaftshof-birresdorf-2006-e-v\/belegungsplan-dgh\/\"><span class=\"wp-block-navigation-item__label\">Belegung und private Vermietung DGH<\/span><\/a><\/li><li class=\" wp-block-navigation-item wp-block-navigation-link\"><a class=\"wp-block-navigation-item__content\"  href=\"https:\/\/www.birresdorf.de\/blog\/traegergemeinschaft-dorfgemeinschaftshof-birresdorf-2006-e-v\/dorfgemeinschaftshof-birresdorf\/\"><span class=\"wp-block-navigation-item__label\">Dorfgemeinschaftshof Birresdorf<\/span><\/a><\/li><\/ul><\/nav><\/div>\n","protected":false},"excerpt":{"rendered":"<p>Der Dorfgemeinschaftshof Birresdorf (DGH) verf\u00fcgt \u00fcber einen gro\u00dfen Saal f\u00fcr maximal 199 G\u00e4ste. Der Saal hat eine Theke mit Zapfanlage, einen Beamer mit Leinwand und eine Soundanlage. Gl\u00e4ser, Geschirr und [&hellip;]<\/p>\n","protected":false},"author":1,"featured_media":0,"parent":37,"menu_order":0,"comment_status":"closed","ping_status":"closed","template":"","meta":{"_EventAllDay":false,"_EventTimezone":"","_EventStartDate":"","_EventEndDate":"","_EventStartDateUTC":"","_EventEndDateUTC":"","_EventShowMap":false,"_EventShowMapLink":false,"_EventURL":"","_EventCost":"","_EventCostDescription":"","_EventCurrencySymbol":"","_EventCurrencyCode":"","_EventCurrencyPosition":"","_EventDateTimeSeparator":"","_EventTimeRangeSeparator":"","_EventOrganizerID":[],"_EventVenueID":[],"_OrganizerEmail":"","_OrganizerPhone":"","_OrganizerWebsite":"","_VenueAddress":"","_VenueCity":"","_VenueCountry":"","_VenueProvince":"","_VenueState":"","_VenueZip":"","_VenuePhone":"","_VenueURL":"","_VenueStateProvince":"","_VenueLat":"","_VenueLng":"","_VenueShowMap":false,"_VenueShowMapLink":false,"footnotes":""},"class_list":["post-235","page","type-page","status-publish","hentry"],"_links":{"self":[{"href":"https:\/\/www.birresdorf.de\/blog\/wp-json\/wp\/v2\/pages\/235","targetHints":{"allow":["GET"]}}],"collection":[{"href":"https:\/\/www.birresdorf.de\/blog\/wp-json\/wp\/v2\/pages"}],"about":[{"href":"https:\/\/www.birresdorf.de\/blog\/wp-json\/wp\/v2\/types\/page"}],"author":[{"embeddable":true,"href":"https:\/\/www.birresdorf.de\/blog\/wp-json\/wp\/v2\/users\/1"}],"replies":[{"embeddable":true,"href":"https:\/\/www.birresdorf.de\/blog\/wp-json\/wp\/v2\/comments?post=235"}],"version-history":[{"count":5,"href":"https:\/\/www.birresdorf.de\/blog\/wp-json\/wp\/v2\/pages\/235\/revisions"}],"predecessor-version":[{"id":259,"href":"https:\/\/www.birresdorf.de\/blog\/wp-json\/wp\/v2\/pages\/235\/revisions\/259"}],"up":[{"embeddable":true,"href":"https:\/\/www.birresdorf.de\/blog\/wp-json\/wp\/v2\/pages\/37"}],"wp:attachment":[{"href":"https:\/\/www.birresdorf.de\/blog\/wp-json\/wp\/v2\/media?parent=235"}],"curies":[{"name":"wp","href":"https:\/\/api.w.org\/{rel}","templated":true}]}}